{"id":31707,"date":"2023-09-25T09:10:51","date_gmt":"2023-09-25T09:10:51","guid":{"rendered":"https:\/\/www.belurba.com\/product\/non%20class\u00e9\/perugia\/"},"modified":"2024-04-24T14:06:15","modified_gmt":"2024-04-24T14:06:15","slug":"perugia","status":"publish","type":"product","link":"https:\/\/www.belurba.com\/fr\/product\/barrieres-et-arceaux-de-guidage\/perugia\/","title":{"rendered":"Perugia"},"content":{"rendered":"\t\t<div data-elementor-type=\"wp-post\" data-elementor-id=\"31707\" class=\"elementor elementor-31707 elementor-17033\" data-elementor-post-type=\"product\">\n\t\t\t\t\t\t<section class=\"elementor-section elementor-top-section elementor-element elementor-element-e5f8521 qodef-elementor-content-grid elementor-section-boxed elementor-section-height-default elementor-section-height-default\" data-id=\"e5f8521\" data-element_type=\"section\" data-e-type=\"section\">\n\t\t\t\t\t\t<div class=\"elementor-container elementor-column-gap-default\">\n\t\t\t\t\t<div class=\"elementor-column elementor-col-33 elementor-top-column elementor-element elementor-element-87ea1d4\" data-id=\"87ea1d4\" data-element_type=\"column\" data-e-type=\"column\">\n\t\t\t<div class=\"elementor-widget-wrap elementor-element-populated\">\n\t\t\t\t\t\t<div class=\"elementor-element elementor-element-66915d7 elementor-widget elementor-widget-umea_core_separator\" data-id=\"66915d7\" data-element_type=\"widget\" data-e-type=\"widget\" data-widget_type=\"umea_core_separator.default\">\n\t\t\t\t<div class=\"elementor-widget-container\">\n\t\t\t\t\t<div class=\"qodef-shortcode qodef-m qodef-separator clear\">\n\t<div class=\"qodef-m-line\" style=\"border-color: #000000;border-style: solid;width: 25%;border-bottom-width: 3px;margin-top: 0px;margin-bottom: 9px\"><\/div>\n<\/div>\n\t\t\t\t<\/div>\n\t\t\t\t<\/div>\n\t\t\t\t<div class=\"elementor-element elementor-element-2bd194d elementor-widget elementor-widget-woocommerce-product-stock\" data-id=\"2bd194d\" data-element_type=\"widget\" data-e-type=\"widget\" data-widget_type=\"woocommerce-product-stock.default\">\n\t\t\t\t<div class=\"elementor-widget-container\">\n\t\t\t\t\t<p class=\"stock in-stock\">1 en stock<\/p>\n\t\t\t\t<\/div>\n\t\t\t\t<\/div>\n\t\t\t\t<div class=\"elementor-element elementor-element-6da5aab elementor-widget elementor-widget-text-editor\" data-id=\"6da5aab\" data-element_type=\"widget\" data-e-type=\"widget\" data-widget_type=\"text-editor.default\">\n\t\t\t\t<div class=\"elementor-widget-container\">\n\t\t\t\t\t\t\t\t\t<p>La Perugia est une <strong>barri\u00e8re <\/strong>avec une plaque ferm\u00e9e dans laquelle une forme de croix a \u00e9t\u00e9 d\u00e9coup\u00e9e. La barri\u00e8re est disponible en variante fixe.<\/p>\n\t\t\t\t\t\t\t\t<\/div>\n\t\t\t\t<\/div>\n\t\t\t\t<div class=\"elementor-element elementor-element-f88363d elementor-widget elementor-widget-text-editor\" data-id=\"f88363d\" data-element_type=\"widget\" data-e-type=\"widget\" data-widget_type=\"text-editor.default\">\n\t\t\t\t<div class=\"elementor-widget-container\">\n\t\t\t\t\t\t\t\t\t<p>La barri\u00e8re est disponible en<strong> acier<\/strong>. L\u2019acier est<strong> galvanis\u00e9 \u00e0 chaud<\/strong> et peut \u00eatre pourvu de <strong>deux couches de thermolaquage<\/strong> en option. Possibilit\u00e9 de rev\u00eatement en couleur RAL standard.<\/p>\n\t\t\t\t\t\t\t\t<\/div>\n\t\t\t\t<\/div>\n\t\t\t\t<div class=\"elementor-element elementor-element-1f79a48 elementor-woo-meta--view-table elementor-widget elementor-widget-woocommerce-product-meta\" data-id=\"1f79a48\" data-element_type=\"widget\" data-e-type=\"widget\" data-widget_type=\"woocommerce-product-meta.default\">\n\t\t\t\t<div class=\"elementor-widget-container\">\n\t\t\t\t\t\t\t<div class=\"product_meta\">\n\n\t\t\t\n\t\t\t\n\t\t\t\t\t\t\t<span class=\"posted_in detail-container\"><span class=\"detail-label\">Categorie<\/span> <span class=\"detail-content\"><a href=\"https:\/\/www.belurba.com\/fr\/productcategorie\/barrieres-et-arceaux-de-guidage\/\" rel=\"tag\">Barri\u00e8res et arceaux de guidage<\/a><\/span><\/span>\n\t\t\t\n\t\t\t\n\t\t\t\n\t\t<\/div>\n\t\t\t\t\t\t<\/div>\n\t\t\t\t<\/div>\n\t\t\t\t\t<\/div>\n\t\t<\/div>\n\t\t\t\t<div class=\"elementor-column elementor-col-33 elementor-top-column elementor-element elementor-element-bc744b3\" data-id=\"bc744b3\" data-element_type=\"column\" data-e-type=\"column\">\n\t\t\t<div class=\"elementor-widget-wrap\">\n\t\t\t\t\t\t\t<\/div>\n\t\t<\/div>\n\t\t\t\t<div class=\"elementor-column elementor-col-33 elementor-top-column elementor-element elementor-element-768dfda\" data-id=\"768dfda\" data-element_type=\"column\" data-e-type=\"column\">\n\t\t\t<div class=\"elementor-widget-wrap elementor-element-populated\">\n\t\t\t\t\t\t<div class=\"elementor-element elementor-element-351509e elementor-skin-slideshow elementor-arrows-yes elementor-widget elementor-widget-media-carousel\" data-id=\"351509e\" data-element_type=\"widget\" data-e-type=\"widget\" data-settings=\"{&quot;skin&quot;:&quot;slideshow&quot;,&quot;slideshow_slides_per_view&quot;:&quot;4&quot;,&quot;effect&quot;:&quot;slide&quot;,&quot;show_arrows&quot;:&quot;yes&quot;,&quot;speed&quot;:500,&quot;loop&quot;:&quot;yes&quot;,&quot;space_between&quot;:{&quot;unit&quot;:&quot;px&quot;,&quot;size&quot;:10,&quot;sizes&quot;:[]},&quot;space_between_tablet&quot;:{&quot;unit&quot;:&quot;px&quot;,&quot;size&quot;:10,&quot;sizes&quot;:[]},&quot;space_between_mobile&quot;:{&quot;unit&quot;:&quot;px&quot;,&quot;size&quot;:10,&quot;sizes&quot;:[]}}\" data-widget_type=\"media-carousel.default\">\n\t\t\t\t<div class=\"elementor-widget-container\">\n\t\t\t\t\t\t\t\t\t<div class=\"elementor-swiper\">\n\t\t\t\t\t<div class=\"elementor-main-swiper swiper\" role=\"region\" aria-roledescription=\"carousel\" aria-label=\"Slides\">\n\t\t\t\t<div class=\"swiper-wrapper\">\n\t\t\t\t\t\t\t\t\t\t\t<div class=\"swiper-slide\" role=\"group\" aria-roledescription=\"slide\">\n\t\t\t\t\t\t\t<a href=\"https:\/\/www.belurba.com\/wp-content\/uploads\/2023\/09\/Renders-Hekken.499.jpg\" data-elementor-open-lightbox=\"yes\" data-elementor-lightbox-slideshow=\"351509e\" data-elementor-lightbox-title=\"Renders Hekken.499\" data-e-action-hash=\"#elementor-action%3Aaction%3Dlightbox%26settings%3DeyJpZCI6MTcwMzksInVybCI6Imh0dHBzOlwvXC93d3cuYmVsdXJiYS5jb21cL3dwLWNvbnRlbnRcL3VwbG9hZHNcLzIwMjNcLzA5XC9SZW5kZXJzLUhla2tlbi40OTkuanBnIiwic2xpZGVzaG93IjoiMzUxNTA5ZSJ9\">\t\t<div class=\"elementor-carousel-image\" role=\"img\" aria-label=\"Renders Hekken.499\" style=\"background-image: url(&#039;https:\/\/www.belurba.com\/wp-content\/uploads\/2023\/09\/Renders-Hekken.499.jpg&#039;)\">\n\n\t\t\t\n\t\t\t\t\t<\/div>\n\t\t<\/a>\t\t\t\t\t\t<\/div>\n\t\t\t\t\t\t\t\t\t\t\t<div class=\"swiper-slide\" role=\"group\" aria-roledescription=\"slide\">\n\t\t\t\t\t\t\t<a href=\"https:\/\/www.belurba.com\/wp-content\/uploads\/2023\/09\/Renders-Hekken.500.jpg\" data-elementor-open-lightbox=\"yes\" data-elementor-lightbox-slideshow=\"351509e\" data-elementor-lightbox-title=\"Renders Hekken.500\" data-e-action-hash=\"#elementor-action%3Aaction%3Dlightbox%26settings%3DeyJpZCI6MTcwNDAsInVybCI6Imh0dHBzOlwvXC93d3cuYmVsdXJiYS5jb21cL3dwLWNvbnRlbnRcL3VwbG9hZHNcLzIwMjNcLzA5XC9SZW5kZXJzLUhla2tlbi41MDAuanBnIiwic2xpZGVzaG93IjoiMzUxNTA5ZSJ9\">\t\t<div class=\"elementor-carousel-image\" role=\"img\" aria-label=\"Renders Hekken.500\" style=\"background-image: url(&#039;https:\/\/www.belurba.com\/wp-content\/uploads\/2023\/09\/Renders-Hekken.500.jpg&#039;)\">\n\n\t\t\t\n\t\t\t\t\t<\/div>\n\t\t<\/a>\t\t\t\t\t\t<\/div>\n\t\t\t\t\t\t\t\t\t\t\t<div class=\"swiper-slide\" role=\"group\" aria-roledescription=\"slide\">\n\t\t\t\t\t\t\t<a href=\"https:\/\/www.belurba.com\/wp-content\/uploads\/2023\/09\/Renders-Hekken.502.jpg\" data-elementor-open-lightbox=\"yes\" data-elementor-lightbox-slideshow=\"351509e\" data-elementor-lightbox-title=\"Renders Hekken.502\" data-e-action-hash=\"#elementor-action%3Aaction%3Dlightbox%26settings%3DeyJpZCI6MTcwNDIsInVybCI6Imh0dHBzOlwvXC93d3cuYmVsdXJiYS5jb21cL3dwLWNvbnRlbnRcL3VwbG9hZHNcLzIwMjNcLzA5XC9SZW5kZXJzLUhla2tlbi41MDIuanBnIiwic2xpZGVzaG93IjoiMzUxNTA5ZSJ9\">\t\t<div class=\"elementor-carousel-image\" role=\"img\" aria-label=\"Renders Hekken.502\" style=\"background-image: url(&#039;https:\/\/www.belurba.com\/wp-content\/uploads\/2023\/09\/Renders-Hekken.502.jpg&#039;)\">\n\n\t\t\t\n\t\t\t\t\t<\/div>\n\t\t<\/a>\t\t\t\t\t\t<\/div>\n\t\t\t\t\t\t\t\t\t\t\t<div class=\"swiper-slide\" role=\"group\" aria-roledescription=\"slide\">\n\t\t\t\t\t\t\t<a href=\"https:\/\/www.belurba.com\/wp-content\/uploads\/2023\/09\/Renders-Hekken.501.jpg\" data-elementor-open-lightbox=\"yes\" data-elementor-lightbox-slideshow=\"351509e\" data-elementor-lightbox-title=\"Renders Hekken.501\" data-e-action-hash=\"#elementor-action%3Aaction%3Dlightbox%26settings%3DeyJpZCI6MTcwNDEsInVybCI6Imh0dHBzOlwvXC93d3cuYmVsdXJiYS5jb21cL3dwLWNvbnRlbnRcL3VwbG9hZHNcLzIwMjNcLzA5XC9SZW5kZXJzLUhla2tlbi41MDEuanBnIiwic2xpZGVzaG93IjoiMzUxNTA5ZSJ9\">\t\t<div class=\"elementor-carousel-image\" role=\"img\" aria-label=\"Renders Hekken.501\" style=\"background-image: url(&#039;https:\/\/www.belurba.com\/wp-content\/uploads\/2023\/09\/Renders-Hekken.501.jpg&#039;)\">\n\n\t\t\t\n\t\t\t\t\t<\/div>\n\t\t<\/a>\t\t\t\t\t\t<\/div>\n\t\t\t\t\t\t\t\t\t<\/div>\n\t\t\t\t\t\t\t\t\t\t\t\t\t\t\t<div class=\"elementor-swiper-button elementor-swiper-button-prev\" role=\"button\" tabindex=\"0\" aria-label=\"Previous\">\n\t\t\t\t\t\t\t<i aria-hidden=\"true\" class=\"eicon-chevron-left\"><\/i>\t\t\t\t\t\t<\/div>\n\t\t\t\t\t\t<div class=\"elementor-swiper-button elementor-swiper-button-next\" role=\"button\" tabindex=\"0\" aria-label=\"Next\">\n\t\t\t\t\t\t\t<i aria-hidden=\"true\" class=\"eicon-chevron-right\"><\/i>\t\t\t\t\t\t<\/div>\n\t\t\t\t\t\t\t\t\t\t\t\t\t\t\t\t\t<\/div>\n\t\t\t\t<\/div>\n\t\t\t\t\t\t\t\t<div class=\"elementor-swiper\">\n\t\t\t\t\t<div class=\"elementor-main-swiper swiper elementor-thumbnails-swiper swiper\" role=\"region region\" aria-roledescription=\"carousel carousel\" aria-label=\"Slides Slides\">\n\t\t\t\t<div class=\"swiper-wrapper\">\n\t\t\t\t\t\t\t\t\t\t\t<div class=\"swiper-slide\" role=\"group\" aria-roledescription=\"slide\">\n\t\t\t\t\t\t\t\t\t<div class=\"elementor-carousel-image\" role=\"img\" aria-label=\"Renders Hekken.499\" style=\"background-image: url(&#039;https:\/\/www.belurba.com\/wp-content\/uploads\/2023\/09\/Renders-Hekken.499.jpg&#039;)\">\n\n\t\t\t\n\t\t\t\t\t<\/div>\n\t\t<\/a>\t\t\t\t\t\t<\/div>\n\t\t\t\t\t\t\t\t\t\t\t<div class=\"swiper-slide\" role=\"group\" aria-roledescription=\"slide\">\n\t\t\t\t\t\t\t\t\t<div class=\"elementor-carousel-image\" role=\"img\" aria-label=\"Renders Hekken.500\" style=\"background-image: url(&#039;https:\/\/www.belurba.com\/wp-content\/uploads\/2023\/09\/Renders-Hekken.500.jpg&#039;)\">\n\n\t\t\t\n\t\t\t\t\t<\/div>\n\t\t<\/a>\t\t\t\t\t\t<\/div>\n\t\t\t\t\t\t\t\t\t\t\t<div class=\"swiper-slide\" role=\"group\" aria-roledescription=\"slide\">\n\t\t\t\t\t\t\t\t\t<div class=\"elementor-carousel-image\" role=\"img\" aria-label=\"Renders Hekken.502\" style=\"background-image: url(&#039;https:\/\/www.belurba.com\/wp-content\/uploads\/2023\/09\/Renders-Hekken.502.jpg&#039;)\">\n\n\t\t\t\n\t\t\t\t\t<\/div>\n\t\t<\/a>\t\t\t\t\t\t<\/div>\n\t\t\t\t\t\t\t\t\t\t\t<div class=\"swiper-slide\" role=\"group\" aria-roledescription=\"slide\">\n\t\t\t\t\t\t\t\t\t<div class=\"elementor-carousel-image\" role=\"img\" aria-label=\"Renders Hekken.501\" style=\"background-image: url(&#039;https:\/\/www.belurba.com\/wp-content\/uploads\/2023\/09\/Renders-Hekken.501.jpg&#039;)\">\n\n\t\t\t\n\t\t\t\t\t<\/div>\n\t\t<\/a>\t\t\t\t\t\t<\/div>\n\t\t\t\t\t\t\t\t\t<\/div>\n\t\t\t\t\t\t\t\t\t\t\t\t\t\t\t\t\t\t\t\t\t<\/div>\n\t\t\t\t<\/div>\n\t\t\t\t\t\t\t\t<\/div>\n\t\t\t\t<\/div>\n\t\t\t\t\t<\/div>\n\t\t<\/div>\n\t\t\t\t\t<\/div>\n\t\t<\/section>\n\t\t\t\t<section class=\"elementor-section elementor-top-section elementor-element elementor-element-854c19b qodef-elementor-content-grid elementor-section-boxed elementor-section-height-default elementor-section-height-default\" data-id=\"854c19b\" data-element_type=\"section\" data-e-type=\"section\" data-settings=\"{&quot;background_background&quot;:&quot;classic&quot;}\">\n\t\t\t\t\t\t<div class=\"elementor-container elementor-column-gap-default\">\n\t\t\t\t\t<div class=\"elementor-column elementor-col-33 elementor-top-column elementor-element elementor-element-5c6b8e6\" data-id=\"5c6b8e6\" data-element_type=\"column\" data-e-type=\"column\">\n\t\t\t<div class=\"elementor-widget-wrap elementor-element-populated\">\n\t\t\t\t\t\t<div class=\"elementor-element elementor-element-38f1e4d elementor-widget elementor-widget-umea_core_section_title\" data-id=\"38f1e4d\" data-element_type=\"widget\" data-e-type=\"widget\" data-widget_type=\"umea_core_section_title.default\">\n\t\t\t\t<div class=\"elementor-widget-container\">\n\t\t\t\t\t<div class=\"qodef-shortcode qodef-m qodef-section-title qodef-alignment--left\">\n\t\t\t<h3 class=\"qodef-m-title\" >\n\t\t\t\t\tSp\u00e9cifications\t\t\t\t\t<\/h3>\n\t\t<div class=\"qodef-m-separator clear\">\n\t\t<div class=\"qodef-shortcode qodef-m qodef-separator clear\">\t<div class=\"qodef-m-line\" style=\"border-style: solid;width: 120px;border-bottom-width: 2px;margin-top: 18px;margin-bottom: 0px\"><\/div><\/div>\t<\/div>\n\t\t<\/div>\n\t\t\t\t<\/div>\n\t\t\t\t<\/div>\n\t\t\t\t<div class=\"elementor-element elementor-element-1664988 product-text-info elementor-widget elementor-widget-text-editor\" data-id=\"1664988\" data-element_type=\"widget\" data-e-type=\"widget\" data-widget_type=\"text-editor.default\">\n\t\t\t\t<div class=\"elementor-widget-container\">\n\t\t\t\t\t\t\t\t\t<h6><strong>Dimensions<\/strong><br \/>Longueur &nbsp; 1\u00a0500\/2\u00a0000\u00a0mm<br \/>Largeur&nbsp;&nbsp; 60\u00a0mm<br \/>Hauteur \u00e0 partir du sol 900\u00a0mm<\/h6>\n<h6><strong>Mat\u00e9riaux<\/strong><br \/>Barri\u00e8re en acier galvanis\u00e9 \u00e0 chaud\u00a0; thermolaquage en option. <\/h6>\n<h6><strong>Couleur<\/strong><br \/>Rev\u00eatement en couleur RAL standard au choix.<br \/>Thermolaqu\u00e9 double couche.<\/h6>\n<h6><strong>Ex\u00e9cution &amp; Installation<\/strong><br \/>Ex\u00e9cution en\u00a0: <br \/>A) mod\u00e8le fixe, \u00e0 b\u00e9tonner.<\/h6>\n\t\t\t\t\t\t\t\t<\/div>\n\t\t\t\t<\/div>\n\t\t\t\t<div class=\"elementor-element elementor-element-4834f64 elementor-widget elementor-widget-qi_addons_for_elementor_button\" data-id=\"4834f64\" data-element_type=\"widget\" data-e-type=\"widget\" data-widget_type=\"qi_addons_for_elementor_button.default\">\n\t\t\t\t<div class=\"elementor-widget-container\">\n\t\t\t\t\t<a class=\"qodef-shortcode qodef-m qodef-qi-button qodef-html--link qodef-layout--filled qodef-type--standard qodef-size--small qodef-icon--left qodef-hover--icon-move-horizontal-short\" href=\"https:\/\/www.belurba.com\/wp-content\/uploads\/2024\/04\/Fiche-produit-PERUGIA.pdf\" target=\"_blank\">\n\t<span class=\"qodef-m-text\">T\u00e9l\u00e9charger les sp\u00e9cifications<\/span>\n\t\t<span class=\"qodef-m-icon\">\n\t\t<span class=\"qodef-m-icon-inner\">\n\t\t\t<i aria-hidden=\"true\" class=\"fas fa-download\"><\/i>\t\t\t\t\t<\/span>\n\t<\/span>\n<\/a>\n\t\t\t\t<\/div>\n\t\t\t\t<\/div>\n\t\t\t\t\t<\/div>\n\t\t<\/div>\n\t\t\t\t<div class=\"elementor-column elementor-col-33 elementor-top-column elementor-element elementor-element-1bfed7d\" data-id=\"1bfed7d\" data-element_type=\"column\" data-e-type=\"column\">\n\t\t\t<div class=\"elementor-widget-wrap\">\n\t\t\t\t\t\t\t<\/div>\n\t\t<\/div>\n\t\t\t\t<div class=\"elementor-column elementor-col-33 elementor-top-column elementor-element elementor-element-8a0f34d\" data-id=\"8a0f34d\" data-element_type=\"column\" data-e-type=\"column\">\n\t\t\t<div class=\"elementor-widget-wrap elementor-element-populated\">\n\t\t\t\t\t\t<div class=\"elementor-element elementor-element-ce6435f elementor-widget elementor-widget-image\" data-id=\"ce6435f\" data-element_type=\"widget\" data-e-type=\"widget\" data-widget_type=\"image.default\">\n\t\t\t\t<div class=\"elementor-widget-container\">\n\t\t\t\t\t\t\t\t\t\t\t\t\t\t\t<img fetchpriority=\"high\" decoding=\"async\" width=\"1024\" height=\"1024\" src=\"https:\/\/www.belurba.com\/wp-content\/uploads\/2023\/09\/Afbeelding-Tech-Tek-Website-PERUGIA.jpg\" class=\"attachment-large size-large wp-image-26825\" alt=\"\" \/>\t\t\t\t\t\t\t\t\t\t\t\t\t\t\t<\/div>\n\t\t\t\t<\/div>\n\t\t\t\t\t<\/div>\n\t\t<\/div>\n\t\t\t\t\t<\/div>\n\t\t<\/section>\n\t\t\t\t<section class=\"elementor-section elementor-top-section elementor-element elementor-element-b623662 elementor-section-boxed elementor-section-height-default elementor-section-height-default qodef-elementor-content-no\" data-id=\"b623662\" data-element_type=\"section\" data-e-type=\"section\">\n\t\t\t\t\t\t<div class=\"elementor-container elementor-column-gap-default\">\n\t\t\t\t\t<div class=\"elementor-column elementor-col-100 elementor-top-column elementor-element elementor-element-6c5f931\" data-id=\"6c5f931\" data-element_type=\"column\" data-e-type=\"column\">\n\t\t\t<div class=\"elementor-widget-wrap elementor-element-populated\">\n\t\t\t\t\t\t<section class=\"elementor-section elementor-inner-section elementor-element elementor-element-23d6c36 elementor-section-boxed elementor-section-height-default elementor-section-height-default qodef-elementor-content-no\" data-id=\"23d6c36\" data-element_type=\"section\" data-e-type=\"section\">\n\t\t\t\t\t\t<div class=\"elementor-container elementor-column-gap-default\">\n\t\t\t\t\t<div class=\"elementor-column elementor-col-33 elementor-inner-column elementor-element elementor-element-b9d472a\" data-id=\"b9d472a\" data-element_type=\"column\" data-e-type=\"column\">\n\t\t\t<div class=\"elementor-widget-wrap elementor-element-populated\">\n\t\t\t\t\t\t<div class=\"elementor-element elementor-element-f35fa63 elementor-invisible elementor-widget elementor-widget-umea_core_icon_with_text\" data-id=\"f35fa63\" data-element_type=\"widget\" data-e-type=\"widget\" data-settings=\"{&quot;_animation&quot;:&quot;fadeInDown&quot;}\" data-widget_type=\"umea_core_icon_with_text.default\">\n\t\t\t\t<div class=\"elementor-widget-container\">\n\t\t\t\t\t<div class=\"qodef-shortcode qodef-m qodef-icon-with-text qodef-layout--before-content qodef--custom-icon qodef--retina\">\n\t<div class=\"qodef-m-icon-wrapper\" style=\"width: 78px\">\n\t\t\t\t\t<img decoding=\"async\" width=\"156\" height=\"156\" src=\"https:\/\/www.belurba.com\/wp-content\/uploads\/2023\/03\/VERZINKT-STAAL.png\" class=\"attachment-full size-full\" alt=\"\" srcset=\"https:\/\/www.belurba.com\/wp-content\/uploads\/2023\/03\/VERZINKT-STAAL.png 156w, https:\/\/www.belurba.com\/wp-content\/uploads\/2023\/03\/VERZINKT-STAAL-150x150.png 150w, https:\/\/www.belurba.com\/wp-content\/uploads\/2023\/03\/VERZINKT-STAAL-100x100.png 100w\" sizes=\"(max-width: 156px) 100vw, 156px\" \/>\t\t<\/div>\n\t<div class=\"qodef-m-content\">\n\t\t\t<h6 class=\"qodef-m-title\" style=\"margin-top: 30px;color: #58595B\">\n\t\t\t\t\t<span class=\"qodef-m-title-text\">Acier galvanis\u00e9<\/span>\n\t\t\t<\/h6>\n\t\t\t<\/div>\n<\/div>\n\t\t\t\t<\/div>\n\t\t\t\t<\/div>\n\t\t\t\t\t<\/div>\n\t\t<\/div>\n\t\t\t\t<div class=\"elementor-column elementor-col-33 elementor-inner-column elementor-element elementor-element-dc32ec8\" data-id=\"dc32ec8\" data-element_type=\"column\" data-e-type=\"column\">\n\t\t\t<div class=\"elementor-widget-wrap elementor-element-populated\">\n\t\t\t\t\t\t<div class=\"elementor-element elementor-element-01db0d4 elementor-invisible elementor-widget elementor-widget-umea_core_icon_with_text\" data-id=\"01db0d4\" data-element_type=\"widget\" data-e-type=\"widget\" data-settings=\"{&quot;_animation&quot;:&quot;fadeInDown&quot;}\" data-widget_type=\"umea_core_icon_with_text.default\">\n\t\t\t\t<div class=\"elementor-widget-container\">\n\t\t\t\t\t<div class=\"qodef-shortcode qodef-m qodef-icon-with-text qodef-layout--before-content qodef--custom-icon qodef--retina\">\n\t<div class=\"qodef-m-icon-wrapper\" style=\"width: 78px\">\n\t\t\t\t\t<img decoding=\"async\" width=\"156\" height=\"156\" src=\"https:\/\/www.belurba.com\/wp-content\/uploads\/2023\/03\/GEPOEDERCOAT-STAAL.png\" class=\"attachment-full size-full\" alt=\"\" srcset=\"https:\/\/www.belurba.com\/wp-content\/uploads\/2023\/03\/GEPOEDERCOAT-STAAL.png 156w, https:\/\/www.belurba.com\/wp-content\/uploads\/2023\/03\/GEPOEDERCOAT-STAAL-150x150.png 150w, https:\/\/www.belurba.com\/wp-content\/uploads\/2023\/03\/GEPOEDERCOAT-STAAL-100x100.png 100w\" sizes=\"(max-width: 156px) 100vw, 156px\" \/>\t\t<\/div>\n\t<div class=\"qodef-m-content\">\n\t\t\t<h6 class=\"qodef-m-title\" style=\"margin-top: 30px;color: #58595B\">\n\t\t\t\t\t<span class=\"qodef-m-title-text\">ACIER THERMOLAQU\u00c9<\/span>\n\t\t\t<\/h6>\n\t\t\t<\/div>\n<\/div>\n\t\t\t\t<\/div>\n\t\t\t\t<\/div>\n\t\t\t\t\t<\/div>\n\t\t<\/div>\n\t\t\t\t<div class=\"elementor-column elementor-col-33 elementor-inner-column elementor-element elementor-element-659e0f2\" data-id=\"659e0f2\" data-element_type=\"column\" data-e-type=\"column\">\n\t\t\t<div class=\"elementor-widget-wrap\">\n\t\t\t\t\t\t\t<\/div>\n\t\t<\/div>\n\t\t\t\t\t<\/div>\n\t\t<\/section>\n\t\t\t\t\t<\/div>\n\t\t<\/div>\n\t\t\t\t\t<\/div>\n\t\t<\/section>\n\t\t\t\t<section class=\"elementor-section elementor-top-section elementor-element elementor-element-f1a28e9 qodef-elementor-content-grid elementor-section-boxed elementor-section-height-default elementor-section-height-default\" data-id=\"f1a28e9\" data-element_type=\"section\" data-e-type=\"section\" data-settings=\"{&quot;background_background&quot;:&quot;classic&quot;}\">\n\t\t\t\t\t\t\t<div class=\"elementor-background-overlay\"><\/div>\n\t\t\t\t\t\t\t<div class=\"elementor-container elementor-column-gap-default\">\n\t\t\t\t\t<div class=\"make-column-clickable-elementor elementor-column elementor-col-100 elementor-top-column elementor-element elementor-element-ed1571f\" style=\"cursor: pointer;\" data-column-clickable=\"\/contact\" data-column-clickable-blank=\"_self\" data-id=\"ed1571f\" data-element_type=\"column\" data-e-type=\"column\" data-settings=\"{&quot;background_background&quot;:&quot;classic&quot;}\">\n\t\t\t<div class=\"elementor-widget-wrap elementor-element-populated\">\n\t\t\t\t\t\t<div class=\"elementor-element elementor-element-5f0da88 elementor-widget elementor-widget-spacer\" data-id=\"5f0da88\" data-element_type=\"widget\" data-e-type=\"widget\" data-widget_type=\"spacer.default\">\n\t\t\t\t<div class=\"elementor-widget-container\">\n\t\t\t\t\t\t\t<div class=\"elementor-spacer\">\n\t\t\t<div class=\"elementor-spacer-inner\"><\/div>\n\t\t<\/div>\n\t\t\t\t\t\t<\/div>\n\t\t\t\t<\/div>\n\t\t\t\t<div class=\"elementor-element elementor-element-8e3a027 elementor-widget__width-initial elementor-widget elementor-widget-umea_core_section_title\" data-id=\"8e3a027\" data-element_type=\"widget\" data-e-type=\"widget\" data-widget_type=\"umea_core_section_title.default\">\n\t\t\t\t<div class=\"elementor-widget-container\">\n\t\t\t\t\t<div class=\"qodef-shortcode qodef-m qodef-section-title qodef-alignment--center\">\n\t\t\t<h2 class=\"qodef-m-title\" style=\"color: #FFFFFF\">\n\t\t\t\t\tDes questions sur notre mobilier urbain ou sur le fonctionnement de Belurba\u00a0?\t\t\t\t\t<\/h2>\n\t\t<div class=\"qodef-m-separator clear\">\n\t\t<div class=\"qodef-shortcode qodef-m qodef-separator clear\">\t<div class=\"qodef-m-line\" style=\"width: 0px;border-bottom-width: 0px;margin-top: 0px;margin-bottom: 0px\"><\/div><\/div>\t<\/div>\n\t\t\t<div class=\"qodef-m-button clear\">\n\t\t<a class=\"qodef-shortcode qodef-m qodef-button qodef-layout--textual qodef-html--link\" href=\"\/contact\" target=\"_blank\"  style=\"color: #FFFFFF\">\t<span class=\"qodef-m-text\">\t\tContactez-nous\u00a0!\t<\/span>\t<span class=\"qodef-m-icon\">\t\t<svg  xmlns=\"http:\/\/www.w3.org\/2000\/svg\" x=\"0px\" y=\"0px\" width=\"40px\" height=\"40px\" viewBox=\"0 0 40 40\" enable-background=\"new 0 0 40 40\" xml:space=\"preserve\"><circle class=\"qodef-arc-1\" cx=\"20\" cy=\"20\" r=\"19\"\/><circle class=\"qodef-arc-2\" cx=\"20\" cy=\"20\" r=\"19\"\/><\/svg>\t<\/span><\/a>\t<\/div>\n<\/div>\n\t\t\t\t<\/div>\n\t\t\t\t<\/div>\n\t\t\t\t<div class=\"elementor-element elementor-element-f0d2884 elementor-widget elementor-widget-spacer\" data-id=\"f0d2884\" data-element_type=\"widget\" data-e-type=\"widget\" data-widget_type=\"spacer.default\">\n\t\t\t\t<div class=\"elementor-widget-container\">\n\t\t\t\t\t\t\t<div class=\"elementor-spacer\">\n\t\t\t<div class=\"elementor-spacer-inner\"><\/div>\n\t\t<\/div>\n\t\t\t\t\t\t<\/div>\n\t\t\t\t<\/div>\n\t\t\t\t\t<\/div>\n\t\t<\/div>\n\t\t\t\t\t<\/div>\n\t\t<\/section>\n\t\t\t\t<\/div>\n\t\t<div style=\"display:flex; gap:10px;justify-content:left\" class=\"wps-pgfw-pdf-generate-icon__wrapper-frontend\">\n\t\t<a  href=\"https:\/\/www.belurba.com\/fr\/wp-json\/wp\/v2\/product\/31707\/?action=genpdf&amp;id=31707\" class=\"pgfw-single-pdf-download-button\" target=_blank><img src=\"https:\/\/www.belurba.com\/wp-content\/plugins\/pdf-generator-for-wp\/admin\/src\/images\/PDF_Tray.svg\" title=\"G\u00e9n\u00e9rer un PDF\" style=\"width:auto; height:40px;\"><\/a>\n\t\t<\/div>","protected":false},"excerpt":{"rendered":"<p>La Perugia est une barri\u00e8re avec une plaque ferm\u00e9e dans laquelle une forme de croix a \u00e9t\u00e9 d\u00e9coup\u00e9e. La barri\u00e8re est disponible en variante fixe. La barri\u00e8re est disponible en acier. L\u2019acier est galvanis\u00e9 \u00e0 chaud et peut \u00eatre pourvu de deux couches de thermolaquage en option. Possibilit\u00e9 de rev\u00eatement en couleur RAL standard. Previous [&hellip;]<\/p>\n","protected":false},"featured_media":26955,"template":"","meta":[],"product_brand":[],"product_cat":[152],"product_tag":[],"class_list":{"0":"post-31707","1":"product","2":"type-product","3":"status-publish","4":"has-post-thumbnail","6":"product_cat-barrieres-et-arceaux-de-guidage","8":"first","9":"instock","10":"shipping-taxable","11":"product-type-simple"},"_links":{"self":[{"href":"https:\/\/www.belurba.com\/fr\/wp-json\/wp\/v2\/product\/31707","targetHints":{"allow":["GET"]}}],"collection":[{"href":"https:\/\/www.belurba.com\/fr\/wp-json\/wp\/v2\/product"}],"about":[{"href":"https:\/\/www.belurba.com\/fr\/wp-json\/wp\/v2\/types\/product"}],"version-history":[{"count":0,"href":"https:\/\/www.belurba.com\/fr\/wp-json\/wp\/v2\/product\/31707\/revisions"}],"wp:featuredmedia":[{"embeddable":true,"href":"https:\/\/www.belurba.com\/fr\/wp-json\/wp\/v2\/media\/26955"}],"wp:attachment":[{"href":"https:\/\/www.belurba.com\/fr\/wp-json\/wp\/v2\/media?parent=31707"}],"wp:term":[{"taxonomy":"product_brand","embeddable":true,"href":"https:\/\/www.belurba.com\/fr\/wp-json\/wp\/v2\/product_brand?post=31707"},{"taxonomy":"product_cat","embeddable":true,"href":"https:\/\/www.belurba.com\/fr\/wp-json\/wp\/v2\/product_cat?post=31707"},{"taxonomy":"product_tag","embeddable":true,"href":"https:\/\/www.belurba.com\/fr\/wp-json\/wp\/v2\/product_tag?post=31707"}],"curies":[{"name":"wp","href":"https:\/\/api.w.org\/{rel}","templated":true}]}}